{"id":103,"date":"2025-06-03T16:54:28","date_gmt":"2025-06-03T16:54:28","guid":{"rendered":"https:\/\/sergiplaosteopatia.com\/services-2\/"},"modified":"2025-08-06T14:00:09","modified_gmt":"2025-08-06T14:00:09","slug":"esport-alt-rendiment","status":"publish","type":"page","link":"https:\/\/sergiplaosteopatia.com\/es\/esport-alt-rendiment\/","title":{"rendered":"Deporte de alto rendimiento"},"content":{"rendered":"<div data-elementor-type=\"wp-page\" data-elementor-id=\"103\" class=\"elementor elementor-103\" data-elementor-post-type=\"page\">\n\t\t\t\t<div class=\"elementor-element elementor-element-3d4bd200 e-flex e-con-boxed elementor-invisible e-con e-parent\" data-id=\"3d4bd200\" data-element_type=\"container\" data-settings=\"{&quot;animation&quot;:&quot;fadeIn&quot;}\">\n\t\t\t\t\t<div class=\"e-con-inner\">\n\t\t\t\t<div class=\"elementor-element elementor-element-611875e6 animated-fast elementor-invisible elementor-widget elementor-widget-flex-hero\" data-id=\"611875e6\" data-element_type=\"widget\" data-settings=\"{&quot;layout_preset&quot;:&quot;storytelling&quot;,&quot;primary_button_shape&quot;:&quot;round&quot;,&quot;_animation&quot;:&quot;fadeIn&quot;,&quot;_animation_delay&quot;:&quot;0&quot;,&quot;image_shape&quot;:&quot;sharp&quot;,&quot;box_shape&quot;:&quot;sharp&quot;}\" data-widget_type=\"flex-hero.default\">\n\t\t\t\t<div class=\"elementor-widget-container\">\n\t\t\t\t\t\t\t<div class=\"has-shape-sharp shape-type-box ehp-flex-hero has-layout-preset-storytelling\">\n\t\t\t\t\t\t<div class=\"ehp-flex-hero__overlay\"><\/div>\n\t\t\t<div class=\"ehp-flex-hero__content-container\">\n\t\t\t\t<p class=\"ehp-flex-hero__intro\">Deporte de alto rendimiento<\/p><h2 class=\"ehp-flex-hero__heading\">Seguimiento Terap\u00e9utico Integral Deportistas<\/h2><h3 class=\"ehp-flex-hero__subheading\">Especialista en el dise\u00f1o y desarrollo de programas de seguimiento terap\u00e9utico para deportistas de \u00e9lite. An\u00e1lisis y resoluci\u00f3n de patrones posturales patol\u00f3gicos.\n\nNuestro objetivo es mantener y estabilizar al deportista en un estado \u00f3ptimo de salud.<\/h3>\t\t\t<div class=\"ehp-flex-hero__ctas-container\">\n\t\t\t\t\t\t\t\t\t\t\t<\/div>\n\t\t\t\t\t<\/div>\n\t\t\t\t<div class=\"ehp-flex-hero__image-wrapper\">\n\t\t\t\t\t<div class=\"ehp-image ehp-flex-hero__image-container\">\n\t\t\t\t<img decoding=\"async\" class=\"ehp-image__img ehp-flex-hero__img has-shape-sharp shape-type-image\" src=\"https:\/\/sergiplaosteopatia.com\/wp-content\/uploads\/2025\/06\/image0-1-scaled.jpeg\" title=\"image0 (1)\" alt=\"image0 (1)\" loading=\"lazy\" \/>\t\t\t<\/div>\n\t\t\t\t\t<\/div>\n\t\t\t\t<\/div>\n\t\t\t\t\t\t<\/div>\n\t\t\t\t<\/div>\n\t\t\t\t\t<\/div>\n\t\t\t\t<\/div>\n\t\t<div class=\"elementor-element elementor-element-725cdb5d e-con-full animated-fast e-flex elementor-invisible e-con e-parent\" data-id=\"725cdb5d\" data-element_type=\"container\" data-settings=\"{&quot;background_background&quot;:&quot;classic&quot;,&quot;animation&quot;:&quot;fadeIn&quot;,&quot;animation_delay&quot;:&quot;600&quot;}\">\n\t\t<div class=\"elementor-element elementor-element-bce95e2 e-grid animated-fast e-con-boxed elementor-invisible e-con e-child\" data-id=\"bce95e2\" data-element_type=\"container\" data-settings=\"{&quot;background_background&quot;:&quot;classic&quot;,&quot;animation&quot;:&quot;fadeIn&quot;,&quot;animation_delay&quot;:&quot;400&quot;}\">\n\t\t\t\t\t<div class=\"e-con-inner\">\n\t\t<div class=\"elementor-element elementor-element-1a95485 e-flex e-con-boxed e-con e-child\" data-id=\"1a95485\" data-element_type=\"container\">\n\t\t\t\t\t<div class=\"e-con-inner\">\n\t\t\t\t<div class=\"elementor-element elementor-element-e944709 elementor-widget elementor-widget-heading\" data-id=\"e944709\" data-element_type=\"widget\" data-widget_type=\"heading.default\">\n\t\t\t\t<div class=\"elementor-widget-container\">\n\t\t\t\t\t<h3 class=\"elementor-heading-title elementor-size-default\">Visita Inicial<\/h3>\t\t\t\t<\/div>\n\t\t\t\t<\/div>\n\t\t\t\t<div class=\"elementor-element elementor-element-3c13839 elementor-widget elementor-widget-text-editor\" data-id=\"3c13839\" data-element_type=\"widget\" data-widget_type=\"text-editor.default\">\n\t\t\t\t<div class=\"elementor-widget-container\">\n\t\t\t\t\t\t\t\t\t\u2022 Entrevista \u2013 Hist\u00f3ria Cl\u00ednica <br>\n\u2022 Exploraci\u00f3n y Diagn\u00f3stico<br>\n\u2022 Informe Osteopatia (Razonamiento y justificaci\u00f3n cl\u00ednica)\t\t\t\t\t\t\t\t<\/div>\n\t\t\t\t<\/div>\n\t\t\t\t\t<\/div>\n\t\t\t\t<\/div>\n\t\t<div class=\"elementor-element elementor-element-30cd37c e-flex e-con-boxed e-con e-child\" data-id=\"30cd37c\" data-element_type=\"container\">\n\t\t\t\t\t<div class=\"e-con-inner\">\n\t\t\t\t<div class=\"elementor-element elementor-element-e3bcb5d elementor-widget elementor-widget-heading\" data-id=\"e3bcb5d\" data-element_type=\"widget\" data-widget_type=\"heading.default\">\n\t\t\t\t<div class=\"elementor-widget-container\">\n\t\t\t\t\t<h3 class=\"elementor-heading-title elementor-size-default\">Seguimiento<\/h3>\t\t\t\t<\/div>\n\t\t\t\t<\/div>\n\t\t\t\t<div class=\"elementor-element elementor-element-3a95f1d elementor-widget elementor-widget-text-editor\" data-id=\"3a95f1d\" data-element_type=\"widget\" data-widget_type=\"text-editor.default\">\n\t\t\t\t<div class=\"elementor-widget-container\">\n\t\t\t\t\t\t\t\t\t\u2022 Plan de trabajo: Resoluci\u00f3n de Patrones Posturales Patol\u00f3gicos y Mejora del Potencial F\u00edsico (Eficiencia Bioenerg\u00e9tica).<br>\n\u2022 1 o 2 tratamientos mensuales<br>\n\u2022 Propuesta de trabajo neuropsicomotriz complementario de alta exigencia<br>\n\u2022 Feedback semanal<br>\n\u2022 Control de cargas de trabajo semanal<br>\n\u2022 Visualizaci\u00f3n de competiciones, an\u00e1lisis din\u00e1mico y datos estad\u00edsticos<br>\n\u2022 Atenci\u00f3n 24\/7<br>\n\u2022 Redacci\u00f3n de documentos \u2013 informes cl\u00ednicos\t\t\t\t\t\t\t\t<\/div>\n\t\t\t\t<\/div>\n\t\t\t\t\t<\/div>\n\t\t\t\t<\/div>\n\t\t<div class=\"elementor-element elementor-element-bfb42ec e-flex e-con-boxed e-con e-child\" data-id=\"bfb42ec\" data-element_type=\"container\">\n\t\t\t\t\t<div class=\"e-con-inner\">\n\t\t\t\t<div class=\"elementor-element elementor-element-8d34ec1 elementor-widget elementor-widget-heading\" data-id=\"8d34ec1\" data-element_type=\"widget\" data-widget_type=\"heading.default\">\n\t\t\t\t<div class=\"elementor-widget-container\">\n\t\t\t\t\t<h3 class=\"elementor-heading-title elementor-size-default\">Beneficios<\/h3>\t\t\t\t<\/div>\n\t\t\t\t<\/div>\n\t\t\t\t<div class=\"elementor-element elementor-element-1f651e5 elementor-widget elementor-widget-text-editor\" data-id=\"1f651e5\" data-element_type=\"widget\" data-widget_type=\"text-editor.default\">\n\t\t\t\t<div class=\"elementor-widget-container\">\n\t\t\t\t\t\t\t\t\t\u2022 Genera un entorno de seguridad terap\u00e9utica<br>\n\u2022 Seguimiento adaptado y espec\u00edfico a las obligaciones y necesidades del deportista<br>\n\u2022 Alta prevenci\u00f3n de lesiones por sobrecarga<br>\n\u2022 Permite continuidad en el desarrollo deportivo durante la temporada<br>\n\u2022 Facilita y acelera las recuperaciones post-esfuerzo<br>\n\u2022 Contribuye a reducir el deterioro de las estructuras corporales sometidas a altos impactos f\u00edsicos durante la competici\u00f3n\t\t\t\t\t\t\t\t<\/div>\n\t\t\t\t<\/div>\n\t\t\t\t\t<\/div>\n\t\t\t\t<\/div>\n\t\t\t\t\t<\/div>\n\t\t\t\t<\/div>\n\t\t\t\t<\/div>\n\t\t<div class=\"elementor-element elementor-element-1da38d5e e-con-full e-flex e-con e-parent\" data-id=\"1da38d5e\" data-element_type=\"container\">\n\t\t\t\t<div class=\"elementor-element elementor-element-1ecdec7 e-transform elementor-widget elementor-widget-image\" data-id=\"1ecdec7\" data-element_type=\"widget\" data-settings=\"{&quot;_transform_flipX_effect&quot;:&quot;transform&quot;}\" data-widget_type=\"image.default\">\n\t\t\t\t<div class=\"elementor-widget-container\">\n\t\t\t\t\t\t\t\t\t\t\t\t\t\t\t<img fetchpriority=\"high\" decoding=\"async\" width=\"2560\" height=\"1707\" src=\"https:\/\/sergiplaosteopatia.com\/wp-content\/uploads\/2025\/06\/image1-scaled.jpeg\" class=\"attachment-full size-full wp-image-279\" alt=\"\" srcset=\"https:\/\/sergiplaosteopatia.com\/wp-content\/uploads\/2025\/06\/image1-scaled.jpeg 2560w, https:\/\/sergiplaosteopatia.com\/wp-content\/uploads\/2025\/06\/image1-300x200.jpeg 300w, https:\/\/sergiplaosteopatia.com\/wp-content\/uploads\/2025\/06\/image1-1024x683.jpeg 1024w, https:\/\/sergiplaosteopatia.com\/wp-content\/uploads\/2025\/06\/image1-768x512.jpeg 768w, https:\/\/sergiplaosteopatia.com\/wp-content\/uploads\/2025\/06\/image1-1536x1024.jpeg 1536w, https:\/\/sergiplaosteopatia.com\/wp-content\/uploads\/2025\/06\/image1-2048x1365.jpeg 2048w\" sizes=\"(max-width: 2560px) 100vw, 2560px\" \/>\t\t\t\t\t\t\t\t\t\t\t\t\t\t\t<\/div>\n\t\t\t\t<\/div>\n\t\t\t\t<\/div>\n\t\t<div class=\"elementor-element elementor-element-2b6210c0 e-con-full e-flex e-con e-parent\" data-id=\"2b6210c0\" data-element_type=\"container\">\n\t\t\t\t<div class=\"elementor-element elementor-element-3b0c095b animated-fast elementor-invisible elementor-widget elementor-widget-cta\" data-id=\"3b0c095b\" data-element_type=\"widget\" data-settings=\"{&quot;primary_button_shape&quot;:&quot;round&quot;,&quot;_animation&quot;:&quot;fadeIn&quot;,&quot;_animation_delay&quot;:&quot;100&quot;,&quot;layout_preset&quot;:&quot;streamline&quot;,&quot;cta_width_mobile&quot;:&quot;stretch&quot;,&quot;content_alignment&quot;:&quot;center&quot;,&quot;content_alignment_tablet&quot;:&quot;center&quot;,&quot;content_alignment_mobile&quot;:&quot;center&quot;,&quot;cta_width&quot;:&quot;default&quot;,&quot;cta_position&quot;:&quot;default&quot;,&quot;box_shape&quot;:&quot;sharp&quot;}\" data-widget_type=\"cta.default\">\n\t\t\t\t<div class=\"elementor-widget-container\">\n\t\t\t\t\t\t\t<div class=\"has-shape-sharp shape-type-box ehp-cta has-preset-streamline\">\n\t\t\t<div class=\"ehp-cta__overlay\"><\/div>\n\t\t\t<div class=\"ehp-cta__elements-container\">\n\t\t\t\t\t\t<div class=\"ehp-cta__text-container\">\n\t\t\t<h2 class=\"ehp-cta__heading\">Sergi Pla Osteopatia<\/h2><p class=\"ehp-cta__description\">Contacta con nosotros para m\u00e1s informaci\u00f3n<\/p>\t\t<\/div>\n\t\t\t\t\t<div class=\"ehp-cta__ctas-container has-cta-width-default has-cta-width-sm-stretch\">\n\t\t\t\t<div class=\"ehp-cta__buttons-wrapper\">\n\t\t\t\t\t\t\t<a class=\"has-shape-round shape-type-button ehp-button ehp-button--primary ehp-cta__button ehp-cta__button--primary is-type-button has-border\" href=\"https:\/\/sergiplaosteopatia.com\/es\/contacte\/\" target=\"_blank\">\n\t\t\t\t\t<span class=\"ehp-button__text ehp-cta__button-text ehp-cta__button-text--primary\">\n\t\t\tContactar\t\t\t\t<\/a>\n\t\t\t\t\t\t\t\t\t\t\t<\/div>\n\t\t\t<\/div>\n\t\t\t\t\t<\/div>\n\t\t<\/div>\n\t\t\t\t\t\t<\/div>\n\t\t\t\t<\/div>\n\t\t\t\t<\/div>\n\t\t\t\t<\/div>","protected":false},"excerpt":{"rendered":"<p>Esport alt rendiment Seguiment Terap\u00e8utic Integral Esportistes Especialista en el disseny i desenvolupament de programes de seguiment terap\u00e8utic per a esportistes d\u2019elit. An\u00e0lisi i Resoluci\u00f3 de patrons posturals patol\u00f2gics. El nostre objectiu \u00e9s mantenir i estabilitzar l\u2019esportista en un estat \u00f2ptim de salut. Visita Inicial \u2022 Entrevista \u2013 Hist\u00f2ria Cl\u00ednica \u2022 Exploraci\u00f3 i Diagn\u00f2stic \u2022 [&hellip;]<\/p>","protected":false},"author":2,"featured_media":0,"parent":0,"menu_order":0,"comment_status":"closed","ping_status":"closed","template":"elementor_header_footer","meta":{"footnotes":""},"class_list":["post-103","page","type-page","status-publish","hentry"],"_links":{"self":[{"href":"https:\/\/sergiplaosteopatia.com\/es\/wp-json\/wp\/v2\/pages\/103","targetHints":{"allow":["GET"]}}],"collection":[{"href":"https:\/\/sergiplaosteopatia.com\/es\/wp-json\/wp\/v2\/pages"}],"about":[{"href":"https:\/\/sergiplaosteopatia.com\/es\/wp-json\/wp\/v2\/types\/page"}],"author":[{"embeddable":true,"href":"https:\/\/sergiplaosteopatia.com\/es\/wp-json\/wp\/v2\/users\/2"}],"replies":[{"embeddable":true,"href":"https:\/\/sergiplaosteopatia.com\/es\/wp-json\/wp\/v2\/comments?post=103"}],"version-history":[{"count":67,"href":"https:\/\/sergiplaosteopatia.com\/es\/wp-json\/wp\/v2\/pages\/103\/revisions"}],"predecessor-version":[{"id":566,"href":"https:\/\/sergiplaosteopatia.com\/es\/wp-json\/wp\/v2\/pages\/103\/revisions\/566"}],"wp:attachment":[{"href":"https:\/\/sergiplaosteopatia.com\/es\/wp-json\/wp\/v2\/media?parent=103"}],"curies":[{"name":"wp","href":"https:\/\/api.w.org\/{rel}","templated":true}]}}