{"id":291,"date":"2025-06-15T15:31:16","date_gmt":"2025-06-15T15:31:16","guid":{"rendered":"https:\/\/sergiplaosteopatia.com\/?page_id=291"},"modified":"2025-08-06T13:59:20","modified_gmt":"2025-08-06T13:59:20","slug":"arts-esceniques","status":"publish","type":"page","link":"https:\/\/sergiplaosteopatia.com\/es\/arts-esceniques\/","title":{"rendered":"Artes esc\u00e9nicas"},"content":{"rendered":"<div data-elementor-type=\"wp-page\" data-elementor-id=\"291\" class=\"elementor elementor-291\" data-elementor-post-type=\"page\">\n\t\t\t\t<div class=\"elementor-element elementor-element-3d4bd200 e-flex e-con-boxed elementor-invisible e-con e-parent\" data-id=\"3d4bd200\" data-element_type=\"container\" data-settings=\"{&quot;animation&quot;:&quot;fadeIn&quot;}\">\n\t\t\t\t\t<div class=\"e-con-inner\">\n\t\t\t\t<div class=\"elementor-element elementor-element-611875e6 animated-fast elementor-invisible elementor-widget elementor-widget-flex-hero\" data-id=\"611875e6\" data-element_type=\"widget\" data-settings=\"{&quot;layout_preset&quot;:&quot;storytelling&quot;,&quot;primary_button_shape&quot;:&quot;round&quot;,&quot;_animation&quot;:&quot;fadeIn&quot;,&quot;_animation_delay&quot;:&quot;0&quot;,&quot;image_shape&quot;:&quot;sharp&quot;,&quot;box_shape&quot;:&quot;sharp&quot;}\" data-widget_type=\"flex-hero.default\">\n\t\t\t\t<div class=\"elementor-widget-container\">\n\t\t\t\t\t\t\t<div class=\"has-shape-sharp shape-type-box ehp-flex-hero has-layout-preset-storytelling\">\n\t\t\t\t\t\t<div class=\"ehp-flex-hero__overlay\"><\/div>\n\t\t\t<div class=\"ehp-flex-hero__content-container\">\n\t\t\t\t<p class=\"ehp-flex-hero__intro\">Artes Esc\u00e9nicas<\/p><h2 class=\"ehp-flex-hero__heading\">Consultoria T\u00e9cnica del Movimiento<\/h2><h3 class=\"ehp-flex-hero__subheading\">Especialista en el an\u00e1lisis del movimiento para las artes esc\u00e9nicas. Propuestas terap\u00e9uticas integrales para minimizar los efectos nocivos sobre las estructuras corporales derivados de la exigencia f\u00edsica del trabajo.\n\nNuestro objetivo es mantener y estabilizar al artista en un estado \u00f3ptimo de salud.<\/h3>\t\t\t<div class=\"ehp-flex-hero__ctas-container\">\n\t\t\t\t\t\t\t\t\t\t\t<\/div>\n\t\t\t\t\t<\/div>\n\t\t\t\t<div class=\"ehp-flex-hero__image-wrapper\">\n\t\t\t\t\t<div class=\"ehp-image ehp-flex-hero__image-container\">\n\t\t\t\t<img decoding=\"async\" class=\"ehp-image__img ehp-flex-hero__img has-shape-sharp shape-type-image\" src=\"https:\/\/sergiplaosteopatia.com\/wp-content\/uploads\/2025\/06\/BARO_180312_0767_NB-scaled.jpg\" title=\"BARO_180312_0767_NB\" alt=\"BARO_180312_0767_NB\" loading=\"lazy\" \/>\t\t\t<\/div>\n\t\t\t\t\t<\/div>\n\t\t\t\t<\/div>\n\t\t\t\t\t\t<\/div>\n\t\t\t\t<\/div>\n\t\t\t\t\t<\/div>\n\t\t\t\t<\/div>\n\t\t<div class=\"elementor-element elementor-element-725cdb5d e-con-full animated-fast e-flex elementor-invisible e-con e-parent\" data-id=\"725cdb5d\" data-element_type=\"container\" data-settings=\"{&quot;background_background&quot;:&quot;classic&quot;,&quot;animation&quot;:&quot;fadeIn&quot;,&quot;animation_delay&quot;:&quot;600&quot;}\">\n\t\t<div class=\"elementor-element elementor-element-88c27c4 e-flex e-con-boxed e-con e-child\" data-id=\"88c27c4\" data-element_type=\"container\">\n\t\t\t\t\t<div class=\"e-con-inner\">\n\t\t<div class=\"elementor-element elementor-element-3025099 e-grid e-con-full animated-fast elementor-invisible e-con e-child\" data-id=\"3025099\" data-element_type=\"container\" data-settings=\"{&quot;background_background&quot;:&quot;classic&quot;,&quot;animation&quot;:&quot;fadeIn&quot;,&quot;animation_delay&quot;:&quot;400&quot;}\">\n\t\t<div class=\"elementor-element elementor-element-77eda66 e-flex e-con-boxed e-con e-child\" data-id=\"77eda66\" data-element_type=\"container\">\n\t\t\t\t\t<div class=\"e-con-inner\">\n\t\t\t\t<div class=\"elementor-element elementor-element-c0a0dce elementor-widget elementor-widget-heading\" data-id=\"c0a0dce\" data-element_type=\"widget\" data-widget_type=\"heading.default\">\n\t\t\t\t<div class=\"elementor-widget-container\">\n\t\t\t\t\t<h3 class=\"elementor-heading-title elementor-size-default\">An\u00e1lisis T\u00e9cnico de Espect\u00e1culos<\/h3>\t\t\t\t<\/div>\n\t\t\t\t<\/div>\n\t\t\t\t<div class=\"elementor-element elementor-element-5c4f65a elementor-widget elementor-widget-text-editor\" data-id=\"5c4f65a\" data-element_type=\"widget\" data-widget_type=\"text-editor.default\">\n\t\t\t\t<div class=\"elementor-widget-container\">\n\t\t\t\t\t\t\t\t\tAn\u00e1lisis de la creaci\u00f3n art\u00edstica y posterior adaptaci\u00f3n de esta introduciendo consideraciones terap\u00e9uticas con el objetivo de preservar la salud.<\/br><\/br>\n\u2022 Observaci\u00f3n y an\u00e1lisis de la estructura del espect\u00e1culo.<\/br>\n\u2022 Informe \u2013 Propuesta de optimizaci\u00f3n de los recursos f\u00edsicos y la salud.<\/br>\n\u2022 M\u00e9todos de regulaci\u00f3n de la capacidad f\u00edsica.<\/br>\n\u2022 Aplicaci\u00f3n de metodolog\u00eda para la prevenci\u00f3n de lesiones.\t\t\t\t\t\t\t\t<\/div>\n\t\t\t\t<\/div>\n\t\t\t\t\t<\/div>\n\t\t\t\t<\/div>\n\t\t<div class=\"elementor-element elementor-element-fcd384b e-flex e-con-boxed e-con e-child\" data-id=\"fcd384b\" data-element_type=\"container\">\n\t\t\t\t\t<div class=\"e-con-inner\">\n\t\t\t\t<div class=\"elementor-element elementor-element-2e996f1 elementor-widget elementor-widget-heading\" data-id=\"2e996f1\" data-element_type=\"widget\" data-widget_type=\"heading.default\">\n\t\t\t\t<div class=\"elementor-widget-container\">\n\t\t\t\t\t<h3 class=\"elementor-heading-title elementor-size-default\">Seguimiento y Apoyo Terap\u00e9utico en Giras de Compa\u00f1\u00edas<\/h3>\t\t\t\t<\/div>\n\t\t\t\t<\/div>\n\t\t\t\t<div class=\"elementor-element elementor-element-09e75db elementor-widget elementor-widget-text-editor\" data-id=\"09e75db\" data-element_type=\"widget\" data-widget_type=\"text-editor.default\">\n\t\t\t\t<div class=\"elementor-widget-container\">\n\t\t\t\t\t\t\t\t\tAcompa\u00f1amiento terap\u00e9utico en per\u00edodos de alta concentraci\u00f3n de representaciones. Optimizaci\u00f3n del proceso de recuperaci\u00f3n f\u00edsica y mental. <\/br><\/br>\n\u2022 Tratamientos pre y\/o post espect\u00e1culo.<\/br>\n\u2022 Aplicaci\u00f3n de metodolog\u00eda para la prevenci\u00f3n de lesiones.<\/br>\n\u2022 Entorno de seguridad terap\u00e9utica\t\t\t\t\t\t\t\t<\/div>\n\t\t\t\t<\/div>\n\t\t\t\t\t<\/div>\n\t\t\t\t<\/div>\n\t\t<div class=\"elementor-element elementor-element-1161ce6 e-flex e-con-boxed e-con e-child\" data-id=\"1161ce6\" data-element_type=\"container\">\n\t\t\t\t\t<div class=\"e-con-inner\">\n\t\t\t\t<div class=\"elementor-element elementor-element-9fd4b10 elementor-widget elementor-widget-heading\" data-id=\"9fd4b10\" data-element_type=\"widget\" data-widget_type=\"heading.default\">\n\t\t\t\t<div class=\"elementor-widget-container\">\n\t\t\t\t\t<h3 class=\"elementor-heading-title elementor-size-default\">An\u00e1lisis T\u00e9cnico M\u00fasico \u2013 Instrumento<\/h3>\t\t\t\t<\/div>\n\t\t\t\t<\/div>\n\t\t\t\t<div class=\"elementor-element elementor-element-9b9aa82 elementor-widget elementor-widget-text-editor\" data-id=\"9b9aa82\" data-element_type=\"widget\" data-widget_type=\"text-editor.default\">\n\t\t\t\t<div class=\"elementor-widget-container\">\n\t\t\t\t\t\t\t\t\tSesiones individuales para examinar la relaci\u00f3n entre el m\u00fasico y el instrumento desde una perspectiva terap\u00e9utica. El objetivo principal es mejorar el gesto musical m\u00e1s all\u00e1 de los recursos ergon\u00f3micos. Comprender la relaci\u00f3n m\u00fasico\u2013instrumento no solo tiene efectos en la prevenci\u00f3n de lesiones, sino que implica una mejora en la calidad sonora.<\/br><\/br>\n\u2022 Observaci\u00f3n y an\u00e1lisis del gesto musical<\/br>\n\u2022 Trabajo activo de conciencia corporal en relaci\u00f3n con el instrumento<\/br>\n\u2022 Equilibrio del sistema respiratorio<\/br>\n\u2022 Equilibrio de campos electromagn\u00e9ticos \u2013 frecuencias sonoras\t\t\t\t\t\t\t\t<\/div>\n\t\t\t\t<\/div>\n\t\t\t\t\t<\/div>\n\t\t\t\t<\/div>\n\t\t\t\t<\/div>\n\t\t\t\t\t<\/div>\n\t\t\t\t<\/div>\n\t\t\t\t<\/div>\n\t\t<div class=\"elementor-element elementor-element-1da38d5e e-con-full e-flex e-con e-parent\" data-id=\"1da38d5e\" data-element_type=\"container\">\n\t\t\t\t<div class=\"elementor-element elementor-element-1ecdec7 e-transform elementor-widget elementor-widget-image\" data-id=\"1ecdec7\" data-element_type=\"widget\" data-settings=\"{&quot;_transform_flipX_effect&quot;:&quot;transform&quot;}\" data-widget_type=\"image.default\">\n\t\t\t\t<div class=\"elementor-widget-container\">\n\t\t\t\t\t\t\t\t\t\t\t\t\t\t\t<img fetchpriority=\"high\" decoding=\"async\" width=\"2480\" height=\"1597\" src=\"https:\/\/sergiplaosteopatia.com\/wp-content\/uploads\/2025\/06\/Photo\u00a9Jordi-Bover_0748.jpg\" class=\"attachment-full size-full wp-image-302\" alt=\"\" srcset=\"https:\/\/sergiplaosteopatia.com\/wp-content\/uploads\/2025\/06\/Photo\u00a9Jordi-Bover_0748.jpg 2480w, https:\/\/sergiplaosteopatia.com\/wp-content\/uploads\/2025\/06\/Photo\u00a9Jordi-Bover_0748-300x193.jpg 300w, https:\/\/sergiplaosteopatia.com\/wp-content\/uploads\/2025\/06\/Photo\u00a9Jordi-Bover_0748-1024x659.jpg 1024w, https:\/\/sergiplaosteopatia.com\/wp-content\/uploads\/2025\/06\/Photo\u00a9Jordi-Bover_0748-768x495.jpg 768w, https:\/\/sergiplaosteopatia.com\/wp-content\/uploads\/2025\/06\/Photo\u00a9Jordi-Bover_0748-1536x989.jpg 1536w, https:\/\/sergiplaosteopatia.com\/wp-content\/uploads\/2025\/06\/Photo\u00a9Jordi-Bover_0748-2048x1319.jpg 2048w\" sizes=\"(max-width: 2480px) 100vw, 2480px\" \/>\t\t\t\t\t\t\t\t\t\t\t\t\t\t\t<\/div>\n\t\t\t\t<\/div>\n\t\t\t\t<\/div>\n\t\t<div class=\"elementor-element elementor-element-2b6210c0 e-con-full e-flex e-con e-parent\" data-id=\"2b6210c0\" data-element_type=\"container\">\n\t\t\t\t<div class=\"elementor-element elementor-element-3b0c095b animated-fast elementor-invisible elementor-widget elementor-widget-cta\" data-id=\"3b0c095b\" data-element_type=\"widget\" data-settings=\"{&quot;primary_button_shape&quot;:&quot;round&quot;,&quot;_animation&quot;:&quot;fadeIn&quot;,&quot;_animation_delay&quot;:&quot;100&quot;,&quot;layout_preset&quot;:&quot;streamline&quot;,&quot;cta_width_mobile&quot;:&quot;stretch&quot;,&quot;content_alignment&quot;:&quot;center&quot;,&quot;content_alignment_tablet&quot;:&quot;center&quot;,&quot;content_alignment_mobile&quot;:&quot;center&quot;,&quot;cta_width&quot;:&quot;default&quot;,&quot;cta_position&quot;:&quot;default&quot;,&quot;box_shape&quot;:&quot;sharp&quot;}\" data-widget_type=\"cta.default\">\n\t\t\t\t<div class=\"elementor-widget-container\">\n\t\t\t\t\t\t\t<div class=\"has-shape-sharp shape-type-box ehp-cta has-preset-streamline\">\n\t\t\t<div class=\"ehp-cta__overlay\"><\/div>\n\t\t\t<div class=\"ehp-cta__elements-container\">\n\t\t\t\t\t\t<div class=\"ehp-cta__text-container\">\n\t\t\t<h2 class=\"ehp-cta__heading\">Sergi Pla Osteopatia<\/h2><p class=\"ehp-cta__description\">Contacta con nosotros para m\u00e1s informaci\u00f3n<\/p>\t\t<\/div>\n\t\t\t\t\t<div class=\"ehp-cta__ctas-container has-cta-width-default has-cta-width-sm-stretch\">\n\t\t\t\t<div class=\"ehp-cta__buttons-wrapper\">\n\t\t\t\t\t\t\t<a class=\"has-shape-round shape-type-button ehp-button ehp-button--primary ehp-cta__button ehp-cta__button--primary is-type-button has-border\" href=\"https:\/\/sergiplaosteopatia.com\/es\/contacte\/\" target=\"_blank\">\n\t\t\t\t\t<span class=\"ehp-button__text ehp-cta__button-text ehp-cta__button-text--primary\">\n\t\t\tContactar\t\t\t\t<\/a>\n\t\t\t\t\t\t\t\t\t\t\t<\/div>\n\t\t\t<\/div>\n\t\t\t\t\t<\/div>\n\t\t<\/div>\n\t\t\t\t\t\t<\/div>\n\t\t\t\t<\/div>\n\t\t\t\t<\/div>\n\t\t\t\t<\/div>","protected":false},"excerpt":{"rendered":"<p>Arts Esc\u00e8niques Consultoria T\u00e8cnica del Moviment Especialista en l\u2019an\u00e0lisi del moviment per les arts esc\u00e8niques. Propostes terap\u00e8utiques integrals per minimitzar els efectes nocius sobre les estructures corporals derivats de l\u2019exig\u00e8ncia f\u00edsica de treball. El nostre objectiu \u00e9s mantenir i estabilitzar l\u2019esportista en un estat \u00f2ptim de salut. An\u00e0lisi T\u00e8cnic Espectacles An\u00e0lisi de la creaci\u00f3 art\u00edstica [&hellip;]<\/p>","protected":false},"author":2,"featured_media":0,"parent":0,"menu_order":0,"comment_status":"closed","ping_status":"closed","template":"elementor_header_footer","meta":{"footnotes":""},"class_list":["post-291","page","type-page","status-publish","hentry"],"_links":{"self":[{"href":"https:\/\/sergiplaosteopatia.com\/es\/wp-json\/wp\/v2\/pages\/291","targetHints":{"allow":["GET"]}}],"collection":[{"href":"https:\/\/sergiplaosteopatia.com\/es\/wp-json\/wp\/v2\/pages"}],"about":[{"href":"https:\/\/sergiplaosteopatia.com\/es\/wp-json\/wp\/v2\/types\/page"}],"author":[{"embeddable":true,"href":"https:\/\/sergiplaosteopatia.com\/es\/wp-json\/wp\/v2\/users\/2"}],"replies":[{"embeddable":true,"href":"https:\/\/sergiplaosteopatia.com\/es\/wp-json\/wp\/v2\/comments?post=291"}],"version-history":[{"count":52,"href":"https:\/\/sergiplaosteopatia.com\/es\/wp-json\/wp\/v2\/pages\/291\/revisions"}],"predecessor-version":[{"id":550,"href":"https:\/\/sergiplaosteopatia.com\/es\/wp-json\/wp\/v2\/pages\/291\/revisions\/550"}],"wp:attachment":[{"href":"https:\/\/sergiplaosteopatia.com\/es\/wp-json\/wp\/v2\/media?parent=291"}],"curies":[{"name":"wp","href":"https:\/\/api.w.org\/{rel}","templated":true}]}}