{"id":311,"date":"2025-06-15T15:43:26","date_gmt":"2025-06-15T15:43:26","guid":{"rendered":"https:\/\/sergiplaosteopatia.com\/?page_id=311"},"modified":"2025-08-06T13:58:33","modified_gmt":"2025-08-06T13:58:33","slug":"consulta-privada-osteopatia","status":"publish","type":"page","link":"https:\/\/sergiplaosteopatia.com\/es\/consulta-privada-osteopatia\/","title":{"rendered":"Consulta privada osteopatia"},"content":{"rendered":"<div data-elementor-type=\"wp-page\" data-elementor-id=\"311\" class=\"elementor elementor-311\" data-elementor-post-type=\"page\">\n\t\t\t\t<div class=\"elementor-element elementor-element-3d4bd200 e-flex e-con-boxed elementor-invisible e-con e-parent\" data-id=\"3d4bd200\" data-element_type=\"container\" data-settings=\"{&quot;animation&quot;:&quot;fadeIn&quot;}\">\n\t\t\t\t\t<div class=\"e-con-inner\">\n\t\t\t\t<div class=\"elementor-element elementor-element-611875e6 animated-fast elementor-invisible elementor-widget elementor-widget-flex-hero\" data-id=\"611875e6\" data-element_type=\"widget\" data-settings=\"{&quot;layout_preset&quot;:&quot;storytelling&quot;,&quot;primary_button_shape&quot;:&quot;round&quot;,&quot;_animation&quot;:&quot;fadeIn&quot;,&quot;_animation_delay&quot;:&quot;0&quot;,&quot;image_shape&quot;:&quot;sharp&quot;,&quot;box_shape&quot;:&quot;sharp&quot;}\" data-widget_type=\"flex-hero.default\">\n\t\t\t\t<div class=\"elementor-widget-container\">\n\t\t\t\t\t\t\t<div class=\"has-shape-sharp shape-type-box ehp-flex-hero has-layout-preset-storytelling\">\n\t\t\t\t\t\t<div class=\"ehp-flex-hero__overlay\"><\/div>\n\t\t\t<div class=\"ehp-flex-hero__content-container\">\n\t\t\t\t<h2 class=\"ehp-flex-hero__heading\">Consulta privada osteopatia<\/h2><h3 class=\"ehp-flex-hero__subheading\">Tratamientos privados e individuales de Terapia Manual. Sesiones en horarios concertados en los centros de <a href=\"\/es\/www.centrecenit.com\/\">Girona<\/a> y <a href=\"\/es\/www.fitt.es\/\">Barcelona<\/a>.\nLa experiencia acumulada a lo largo de casi 20 a\u00f1os de profesi\u00f3n me permite localizar y resolver pr\u00e1cticamente la totalidad de los casos que consultan mis pacientes.\n\nNuestro objetivo es mantener y estabilizar al deportista en un estado \u00f3ptimo de salud.<\/h3>\t\t\t<div class=\"ehp-flex-hero__ctas-container\">\n\t\t\t\t\t\t\t\t\t\t\t<\/div>\n\t\t\t\t\t<\/div>\n\t\t\t\t<div class=\"ehp-flex-hero__image-wrapper\">\n\t\t\t\t\t<div class=\"ehp-image ehp-flex-hero__image-container\">\n\t\t\t\t<img decoding=\"async\" class=\"ehp-image__img ehp-flex-hero__img has-shape-sharp shape-type-image\" src=\"https:\/\/sergiplaosteopatia.com\/wp-content\/uploads\/2025\/06\/IMG_0144.jpg\" title=\"IMG_0144\" alt=\"IMG_0144\" loading=\"lazy\" \/>\t\t\t<\/div>\n\t\t\t\t\t<\/div>\n\t\t\t\t<\/div>\n\t\t\t\t\t\t<\/div>\n\t\t\t\t<\/div>\n\t\t\t\t\t<\/div>\n\t\t\t\t<\/div>\n\t\t<div class=\"elementor-element elementor-element-2b6210c0 e-con-full e-flex e-con e-parent\" data-id=\"2b6210c0\" data-element_type=\"container\">\n\t\t\t\t<div class=\"elementor-element elementor-element-3b0c095b animated-fast elementor-invisible elementor-widget elementor-widget-cta\" data-id=\"3b0c095b\" data-element_type=\"widget\" data-settings=\"{&quot;primary_button_shape&quot;:&quot;round&quot;,&quot;_animation&quot;:&quot;fadeIn&quot;,&quot;_animation_delay&quot;:&quot;100&quot;,&quot;layout_preset&quot;:&quot;streamline&quot;,&quot;cta_width_mobile&quot;:&quot;stretch&quot;,&quot;content_alignment&quot;:&quot;center&quot;,&quot;content_alignment_tablet&quot;:&quot;center&quot;,&quot;content_alignment_mobile&quot;:&quot;center&quot;,&quot;cta_width&quot;:&quot;default&quot;,&quot;cta_position&quot;:&quot;default&quot;,&quot;box_shape&quot;:&quot;sharp&quot;}\" data-widget_type=\"cta.default\">\n\t\t\t\t<div class=\"elementor-widget-container\">\n\t\t\t\t\t\t\t<div class=\"has-shape-sharp shape-type-box ehp-cta has-preset-streamline\">\n\t\t\t<div class=\"ehp-cta__overlay\"><\/div>\n\t\t\t<div class=\"ehp-cta__elements-container\">\n\t\t\t\t\t\t<div class=\"ehp-cta__text-container\">\n\t\t\t<h2 class=\"ehp-cta__heading\">Sergi Pla Osteopatia<\/h2><p class=\"ehp-cta__description\">Contacta con nosotros para m\u00e1s informaci\u00f3n<\/p>\t\t<\/div>\n\t\t\t\t\t<div class=\"ehp-cta__ctas-container has-cta-width-default has-cta-width-sm-stretch\">\n\t\t\t\t<div class=\"ehp-cta__buttons-wrapper\">\n\t\t\t\t\t\t\t<a class=\"has-shape-round shape-type-button ehp-button ehp-button--primary ehp-cta__button ehp-cta__button--primary is-type-button has-border\" href=\"https:\/\/sergiplaosteopatia.com\/es\/contacte\/\" target=\"_blank\">\n\t\t\t\t\t<span class=\"ehp-button__text ehp-cta__button-text ehp-cta__button-text--primary\">\n\t\t\tContactar\t\t\t\t<\/a>\n\t\t\t\t\t\t\t\t\t\t\t<\/div>\n\t\t\t<\/div>\n\t\t\t\t\t<\/div>\n\t\t<\/div>\n\t\t\t\t\t\t<\/div>\n\t\t\t\t<\/div>\n\t\t\t\t<\/div>\n\t\t\t\t<\/div>","protected":false},"excerpt":{"rendered":"<p>Consulta privada osteopatia Tractaments privats i individuals de Ter\u00e0pia Manual. Sessions en hores convingudes en els centres de Girona i Barcelona. L\u2019experi\u00e8ncia acumulada al llarg de quasi 20 anys de professi\u00f3 em permet localitzar i resoldre pr\u00e0cticament la totalitat dels casos que consulten els meus pacients. El nostre objectiu \u00e9s mantenir i estabilitzar l\u2019esportista en [&hellip;]<\/p>","protected":false},"author":2,"featured_media":0,"parent":0,"menu_order":0,"comment_status":"closed","ping_status":"closed","template":"elementor_header_footer","meta":{"footnotes":""},"class_list":["post-311","page","type-page","status-publish","hentry"],"_links":{"self":[{"href":"https:\/\/sergiplaosteopatia.com\/es\/wp-json\/wp\/v2\/pages\/311","targetHints":{"allow":["GET"]}}],"collection":[{"href":"https:\/\/sergiplaosteopatia.com\/es\/wp-json\/wp\/v2\/pages"}],"about":[{"href":"https:\/\/sergiplaosteopatia.com\/es\/wp-json\/wp\/v2\/types\/page"}],"author":[{"embeddable":true,"href":"https:\/\/sergiplaosteopatia.com\/es\/wp-json\/wp\/v2\/users\/2"}],"replies":[{"embeddable":true,"href":"https:\/\/sergiplaosteopatia.com\/es\/wp-json\/wp\/v2\/comments?post=311"}],"version-history":[{"count":16,"href":"https:\/\/sergiplaosteopatia.com\/es\/wp-json\/wp\/v2\/pages\/311\/revisions"}],"predecessor-version":[{"id":547,"href":"https:\/\/sergiplaosteopatia.com\/es\/wp-json\/wp\/v2\/pages\/311\/revisions\/547"}],"wp:attachment":[{"href":"https:\/\/sergiplaosteopatia.com\/es\/wp-json\/wp\/v2\/media?parent=311"}],"curies":[{"name":"wp","href":"https:\/\/api.w.org\/{rel}","templated":true}]}}