{"id":91,"date":"2025-06-03T16:54:26","date_gmt":"2025-06-03T16:54:26","guid":{"rendered":"https:\/\/sergiplaosteopatia.com\/homepage-2\/"},"modified":"2025-09-08T08:22:25","modified_gmt":"2025-09-08T08:22:25","slug":"home","status":"publish","type":"page","link":"https:\/\/sergiplaosteopatia.com\/es\/","title":{"rendered":"Home"},"content":{"rendered":"<div data-elementor-type=\"wp-page\" data-elementor-id=\"91\" class=\"elementor elementor-91\" data-elementor-post-type=\"page\">\n\t\t\t\t<div class=\"elementor-element elementor-element-6fbda878 e-con-full e-flex e-con e-parent\" data-id=\"6fbda878\" data-element_type=\"container\">\n\t\t\t\t<div class=\"elementor-element elementor-element-7c67e6e2 animated-fast elementor-invisible elementor-widget elementor-widget-flex-hero\" data-id=\"7c67e6e2\" data-element_type=\"widget\" data-settings=\"{&quot;layout_preset&quot;:&quot;storytelling&quot;,&quot;primary_button_shape&quot;:&quot;round&quot;,&quot;_animation&quot;:&quot;fadeIn&quot;,&quot;_animation_delay&quot;:&quot;100&quot;,&quot;image_shape&quot;:&quot;sharp&quot;,&quot;box_shape&quot;:&quot;sharp&quot;}\" data-widget_type=\"flex-hero.default\">\n\t\t\t\t<div class=\"elementor-widget-container\">\n\t\t\t\t\t\t\t<div class=\"has-shape-sharp shape-type-box ehp-flex-hero has-layout-preset-storytelling\">\n\t\t\t\t\t\t<div class=\"ehp-flex-hero__overlay\"><\/div>\n\t\t\t<div class=\"ehp-flex-hero__content-container\">\n\t\t\t\t<h1 class=\"ehp-flex-hero__intro\">Osteopata y Fisioterapeuta<\/h1><h2 class=\"ehp-flex-hero__heading\">Sergi Pla Crua\u00f1as<\/h2><h3 class=\"ehp-flex-hero__subheading\">Ofrezco una propuesta terap\u00e9utica hol\u00edstica e integral, basada en los principios de la osteopat\u00eda cl\u00e1sica y en una visi\u00f3n global de la salud.\n\nMi vocaci\u00f3n por la investigaci\u00f3n y la formaci\u00f3n continua me ha permitido integrar en la pr\u00e1ctica cl\u00ednica conceptos innovadores como la Biotensegridad, la Eficiencia Bioenerg\u00e9tica y la Biofrecuencia. Con un razonamiento cl\u00ednico fundamentado en la anatom\u00eda, la fisiolog\u00eda y la antropolog\u00eda evolutiva, logro un alto \u00edndice de resoluci\u00f3n terap\u00e9utica y de prevenci\u00f3n de lesiones.\n\nEste m\u00e9todo, aplicado tambi\u00e9n al deporte de \u00e9lite, ofrece un gran potencial transformador: se optimiza la salud para llevar el rendimiento f\u00edsico de los atletas a su nivel m\u00e1ximo.<\/h3>\t\t\t<div class=\"ehp-flex-hero__ctas-container\">\n\t\t\t\t\t\t\t\t\t\t\t<\/div>\n\t\t\t\t\t<\/div>\n\t\t\t\t<div class=\"ehp-flex-hero__image-wrapper\">\n\t\t\t\t\t<div class=\"ehp-image ehp-flex-hero__image-container\">\n\t\t\t\t<img decoding=\"async\" class=\"ehp-image__img ehp-flex-hero__img has-shape-sharp shape-type-image\" src=\"https:\/\/sergiplaosteopatia.com\/wp-content\/uploads\/2025\/06\/IMG_0183.jpg\" title=\"IMG_0183\" alt=\"IMG_0183\" loading=\"lazy\" \/>\t\t\t<\/div>\n\t\t\t\t\t<\/div>\n\t\t\t\t<\/div>\n\t\t\t\t\t\t<\/div>\n\t\t\t\t<\/div>\n\t\t\t\t<\/div>\n\t\t<div class=\"elementor-element elementor-element-59b20db8 e-grid e-con-full animated-fast elementor-invisible e-con e-parent\" data-id=\"59b20db8\" data-element_type=\"container\" data-settings=\"{&quot;background_background&quot;:&quot;classic&quot;,&quot;animation&quot;:&quot;fadeIn&quot;,&quot;animation_delay&quot;:&quot;400&quot;}\">\n\t\t\t\t<div class=\"elementor-element elementor-element-51500708 animated-fast elementor-invisible elementor-widget elementor-widget-heading\" data-id=\"51500708\" data-element_type=\"widget\" data-settings=\"{&quot;_animation&quot;:&quot;fadeIn&quot;}\" data-widget_type=\"heading.default\">\n\t\t\t\t<div class=\"elementor-widget-container\">\n\t\t\t\t\t<h3 class=\"elementor-heading-title elementor-size-default\">Servicios<\/h3>\t\t\t\t<\/div>\n\t\t\t\t<\/div>\n\t\t\t\t<div class=\"elementor-element elementor-element-1d1cebbe animated-fast elementor-position-top elementor-invisible elementor-widget elementor-widget-image-box\" data-id=\"1d1cebbe\" data-element_type=\"widget\" data-settings=\"{&quot;_animation&quot;:&quot;fadeIn&quot;,&quot;_animation_delay&quot;:&quot;300&quot;}\" data-widget_type=\"image-box.default\">\n\t\t\t\t<div class=\"elementor-widget-container\">\n\t\t\t\t\t<div class=\"elementor-image-box-wrapper\"><figure class=\"elementor-image-box-img\"><img fetchpriority=\"high\" decoding=\"async\" width=\"2560\" height=\"1707\" src=\"https:\/\/sergiplaosteopatia.com\/wp-content\/uploads\/2025\/06\/image0-1-scaled.jpeg\" class=\"attachment-full size-full wp-image-265\" alt=\"\" srcset=\"https:\/\/sergiplaosteopatia.com\/wp-content\/uploads\/2025\/06\/image0-1-scaled.jpeg 2560w, https:\/\/sergiplaosteopatia.com\/wp-content\/uploads\/2025\/06\/image0-1-300x200.jpeg 300w, https:\/\/sergiplaosteopatia.com\/wp-content\/uploads\/2025\/06\/image0-1-1024x683.jpeg 1024w, https:\/\/sergiplaosteopatia.com\/wp-content\/uploads\/2025\/06\/image0-1-768x512.jpeg 768w, https:\/\/sergiplaosteopatia.com\/wp-content\/uploads\/2025\/06\/image0-1-1536x1024.jpeg 1536w, https:\/\/sergiplaosteopatia.com\/wp-content\/uploads\/2025\/06\/image0-1-2048x1366.jpeg 2048w\" sizes=\"(max-width: 2560px) 100vw, 2560px\" \/><\/figure><div class=\"elementor-image-box-content\"><h3 class=\"elementor-image-box-title\">Deporte de alto rendimiento<\/h3><p class=\"elementor-image-box-description\">Especialista en el dise\u00f1o y desarrollo de programas de seguimiento terap\u00e9utico para deportistas de \u00e9lite. An\u00e1lisis y resoluci\u00f3n de patrones posturales patol\u00f3gicos.\nNuestro objetivo es mantener y estabilizar al deportista en un estado \u00f3ptimo de salud.<\/p><\/div><\/div>\t\t\t\t<\/div>\n\t\t\t\t<\/div>\n\t\t\t\t<div class=\"elementor-element elementor-element-f1507ae animated-fast elementor-position-top elementor-invisible elementor-widget elementor-widget-image-box\" data-id=\"f1507ae\" data-element_type=\"widget\" data-settings=\"{&quot;_animation&quot;:&quot;fadeIn&quot;,&quot;_animation_delay&quot;:&quot;300&quot;}\" data-widget_type=\"image-box.default\">\n\t\t\t\t<div class=\"elementor-widget-container\">\n\t\t\t\t\t<div class=\"elementor-image-box-wrapper\"><figure class=\"elementor-image-box-img\"><img decoding=\"async\" width=\"2560\" height=\"1709\" src=\"https:\/\/sergiplaosteopatia.com\/wp-content\/uploads\/2025\/06\/BARO_180312_0767_NB-scaled.jpg\" class=\"attachment-full size-full wp-image-268\" alt=\"\" srcset=\"https:\/\/sergiplaosteopatia.com\/wp-content\/uploads\/2025\/06\/BARO_180312_0767_NB-scaled.jpg 2560w, https:\/\/sergiplaosteopatia.com\/wp-content\/uploads\/2025\/06\/BARO_180312_0767_NB-300x200.jpg 300w, https:\/\/sergiplaosteopatia.com\/wp-content\/uploads\/2025\/06\/BARO_180312_0767_NB-1024x684.jpg 1024w, https:\/\/sergiplaosteopatia.com\/wp-content\/uploads\/2025\/06\/BARO_180312_0767_NB-768x513.jpg 768w, https:\/\/sergiplaosteopatia.com\/wp-content\/uploads\/2025\/06\/BARO_180312_0767_NB-1536x1025.jpg 1536w, https:\/\/sergiplaosteopatia.com\/wp-content\/uploads\/2025\/06\/BARO_180312_0767_NB-2048x1367.jpg 2048w\" sizes=\"(max-width: 2560px) 100vw, 2560px\" \/><\/figure><div class=\"elementor-image-box-content\"><h3 class=\"elementor-image-box-title\">Artes esc\u00e9nicas<\/h3><p class=\"elementor-image-box-description\">Especialista en el an\u00e1lisis del movimiento para las artes esc\u00e9nicas. Propuestas terap\u00e9uticas integrales para minimizar los efectos nocivos sobre las estructuras corporales derivados de la exigencia f\u00edsica del trabajo.<\/p><\/div><\/div>\t\t\t\t<\/div>\n\t\t\t\t<\/div>\n\t\t\t\t<div class=\"elementor-element elementor-element-5c192abd animated-fast elementor-position-top elementor-invisible elementor-widget elementor-widget-image-box\" data-id=\"5c192abd\" data-element_type=\"widget\" data-settings=\"{&quot;_animation&quot;:&quot;fadeIn&quot;,&quot;_animation_delay&quot;:&quot;200&quot;}\" data-widget_type=\"image-box.default\">\n\t\t\t\t<div class=\"elementor-widget-container\">\n\t\t\t\t\t<div class=\"elementor-image-box-wrapper\"><figure class=\"elementor-image-box-img\"><img decoding=\"async\" width=\"2048\" height=\"1365\" src=\"https:\/\/sergiplaosteopatia.com\/wp-content\/uploads\/2025\/06\/IMG_0144.jpg\" class=\"attachment-full size-full wp-image-269\" alt=\"\" srcset=\"https:\/\/sergiplaosteopatia.com\/wp-content\/uploads\/2025\/06\/IMG_0144.jpg 2048w, https:\/\/sergiplaosteopatia.com\/wp-content\/uploads\/2025\/06\/IMG_0144-300x200.jpg 300w, https:\/\/sergiplaosteopatia.com\/wp-content\/uploads\/2025\/06\/IMG_0144-1024x683.jpg 1024w, https:\/\/sergiplaosteopatia.com\/wp-content\/uploads\/2025\/06\/IMG_0144-768x512.jpg 768w, https:\/\/sergiplaosteopatia.com\/wp-content\/uploads\/2025\/06\/IMG_0144-1536x1024.jpg 1536w\" sizes=\"(max-width: 2048px) 100vw, 2048px\" \/><\/figure><div class=\"elementor-image-box-content\"><h3 class=\"elementor-image-box-title\">Consulta privada Osteopatia<\/h3><p class=\"elementor-image-box-description\">Tratamientos privados e individuales de Terapia Manual. Sesiones en horas convenidas en los centros de Girona y Barcelona.<\/p><\/div><\/div>\t\t\t\t<\/div>\n\t\t\t\t<\/div>\n\t\t<div class=\"elementor-element elementor-element-89af0d3 e-con-full e-flex e-con e-child\" data-id=\"89af0d3\" data-element_type=\"container\">\n\t\t\t\t<\/div>\n\t\t<div class=\"elementor-element elementor-element-dfc5524 e-con-full e-flex e-con e-child\" data-id=\"dfc5524\" data-element_type=\"container\">\n\t\t\t\t<div class=\"elementor-element elementor-element-1fb957f9 elementor-align-center elementor-mobile-align-justify elementor-widget elementor-widget-button\" data-id=\"1fb957f9\" data-element_type=\"widget\" data-widget_type=\"button.default\">\n\t\t\t\t<div class=\"elementor-widget-container\">\n\t\t\t\t\t\t\t\t\t<div class=\"elementor-button-wrapper\">\n\t\t\t\t\t<a class=\"elementor-button elementor-button-link elementor-size-sm\" href=\"https:\/\/sergiplaosteopatia.com\/es\/contacte\/\">\n\t\t\t\t\t\t<span class=\"elementor-button-content-wrapper\">\n\t\t\t\t\t\t\t\t\t<span class=\"elementor-button-text\">Solicitar un servicio<\/span>\n\t\t\t\t\t<\/span>\n\t\t\t\t\t<\/a>\n\t\t\t\t<\/div>\n\t\t\t\t\t\t\t\t<\/div>\n\t\t\t\t<\/div>\n\t\t\t\t<\/div>\n\t\t<div class=\"elementor-element elementor-element-7e1d6be e-con-full e-flex e-con e-child\" data-id=\"7e1d6be\" data-element_type=\"container\">\n\t\t\t\t<\/div>\n\t\t\t\t<\/div>\n\t\t<div class=\"elementor-element elementor-element-41f3e86 e-con-full e-flex e-con e-parent\" data-id=\"41f3e86\" data-element_type=\"container\">\n\t\t\t\t<div class=\"elementor-element elementor-element-61d3d7a9 e-transform elementor-widget elementor-widget-image\" data-id=\"61d3d7a9\" data-element_type=\"widget\" data-settings=\"{&quot;_transform_flipX_effect&quot;:&quot;transform&quot;}\" data-widget_type=\"image.default\">\n\t\t\t\t<div class=\"elementor-widget-container\">\n\t\t\t\t\t\t\t\t\t\t\t\t\t\t\t<img loading=\"lazy\" decoding=\"async\" width=\"2048\" height=\"1365\" src=\"https:\/\/sergiplaosteopatia.com\/wp-content\/uploads\/2025\/06\/IMG_0149.jpg\" class=\"attachment-full size-full wp-image-152\" alt=\"\" srcset=\"https:\/\/sergiplaosteopatia.com\/wp-content\/uploads\/2025\/06\/IMG_0149.jpg 2048w, https:\/\/sergiplaosteopatia.com\/wp-content\/uploads\/2025\/06\/IMG_0149-300x200.jpg 300w, https:\/\/sergiplaosteopatia.com\/wp-content\/uploads\/2025\/06\/IMG_0149-1024x683.jpg 1024w, https:\/\/sergiplaosteopatia.com\/wp-content\/uploads\/2025\/06\/IMG_0149-768x512.jpg 768w, https:\/\/sergiplaosteopatia.com\/wp-content\/uploads\/2025\/06\/IMG_0149-1536x1024.jpg 1536w\" sizes=\"(max-width: 2048px) 100vw, 2048px\" \/>\t\t\t\t\t\t\t\t\t\t\t\t\t\t\t<\/div>\n\t\t\t\t<\/div>\n\t\t\t\t<\/div>\n\t\t<div class=\"elementor-element elementor-element-60b92f16 e-con-full e-flex e-con e-parent\" data-id=\"60b92f16\" data-element_type=\"container\">\n\t\t\t\t<div class=\"elementor-element elementor-element-14fd8ef3 animated-fast elementor-invisible elementor-widget elementor-widget-cta\" data-id=\"14fd8ef3\" data-element_type=\"widget\" data-settings=\"{&quot;primary_button_shape&quot;:&quot;round&quot;,&quot;_animation&quot;:&quot;fadeIn&quot;,&quot;_animation_delay&quot;:&quot;100&quot;,&quot;layout_preset&quot;:&quot;streamline&quot;,&quot;cta_width_mobile&quot;:&quot;stretch&quot;,&quot;content_alignment&quot;:&quot;center&quot;,&quot;content_alignment_tablet&quot;:&quot;center&quot;,&quot;content_alignment_mobile&quot;:&quot;center&quot;,&quot;cta_width&quot;:&quot;default&quot;,&quot;cta_position&quot;:&quot;default&quot;,&quot;box_shape&quot;:&quot;sharp&quot;}\" data-widget_type=\"cta.default\">\n\t\t\t\t<div class=\"elementor-widget-container\">\n\t\t\t\t\t\t\t<div class=\"has-shape-sharp shape-type-box ehp-cta has-preset-streamline\">\n\t\t\t<div class=\"ehp-cta__overlay\"><\/div>\n\t\t\t<div class=\"ehp-cta__elements-container\">\n\t\t\t\t\t\t<div class=\"ehp-cta__text-container\">\n\t\t\t<h2 class=\"ehp-cta__heading\">Sergi Pla Osteopatia<\/h2><p class=\"ehp-cta__description\">Contacta con nosotros para m\u00e1s informaci\u00f3n<\/p>\t\t<\/div>\n\t\t\t\t\t<div class=\"ehp-cta__ctas-container has-cta-width-default has-cta-width-sm-stretch\">\n\t\t\t\t<div class=\"ehp-cta__buttons-wrapper\">\n\t\t\t\t\t\t\t<a class=\"has-shape-round shape-type-button ehp-button ehp-button--primary ehp-cta__button ehp-cta__button--primary is-type-button has-border\" href=\"https:\/\/sergiplaosteopatia.com\/es\/contacte\/\" target=\"_blank\">\n\t\t\t\t\t<span class=\"ehp-button__text ehp-cta__button-text ehp-cta__button-text--primary\">\n\t\t\tContactar\t\t\t\t<\/a>\n\t\t\t\t\t\t\t\t\t\t\t<\/div>\n\t\t\t<\/div>\n\t\t\t\t\t<\/div>\n\t\t<\/div>\n\t\t\t\t\t\t<\/div>\n\t\t\t\t<\/div>\n\t\t\t\t<\/div>\n\t\t\t\t<\/div>","protected":false},"excerpt":{"rendered":"<p>Oste\u00f2pata i Fisioterapeuta Sergi Pla Crua\u00f1as Ofereixo una proposta terap\u00e8utica hol\u00edstica i integral, basada en els principis de l\u2019osteopatia cl\u00e0ssica i en una visi\u00f3 global de la salut. La meva vocaci\u00f3 per la recerca i la formaci\u00f3 cont\u00ednua m\u2019ha perm\u00e8s integrar en la pr\u00e0ctica cl\u00ednica conceptes innovadors com la Biotensegritat, l\u2019Efici\u00e8ncia Bioenerg\u00e8tica i la Biofreq\u00fc\u00e8ncia. [&hellip;]<\/p>","protected":false},"author":2,"featured_media":0,"parent":0,"menu_order":0,"comment_status":"closed","ping_status":"closed","template":"elementor_header_footer","meta":{"footnotes":""},"class_list":["post-91","page","type-page","status-publish","hentry"],"_links":{"self":[{"href":"https:\/\/sergiplaosteopatia.com\/es\/wp-json\/wp\/v2\/pages\/91","targetHints":{"allow":["GET"]}}],"collection":[{"href":"https:\/\/sergiplaosteopatia.com\/es\/wp-json\/wp\/v2\/pages"}],"about":[{"href":"https:\/\/sergiplaosteopatia.com\/es\/wp-json\/wp\/v2\/types\/page"}],"author":[{"embeddable":true,"href":"https:\/\/sergiplaosteopatia.com\/es\/wp-json\/wp\/v2\/users\/2"}],"replies":[{"embeddable":true,"href":"https:\/\/sergiplaosteopatia.com\/es\/wp-json\/wp\/v2\/comments?post=91"}],"version-history":[{"count":72,"href":"https:\/\/sergiplaosteopatia.com\/es\/wp-json\/wp\/v2\/pages\/91\/revisions"}],"predecessor-version":[{"id":565,"href":"https:\/\/sergiplaosteopatia.com\/es\/wp-json\/wp\/v2\/pages\/91\/revisions\/565"}],"wp:attachment":[{"href":"https:\/\/sergiplaosteopatia.com\/es\/wp-json\/wp\/v2\/media?parent=91"}],"curies":[{"name":"wp","href":"https:\/\/api.w.org\/{rel}","templated":true}]}}