{"id":98,"date":"2025-06-03T16:54:28","date_gmt":"2025-06-03T16:54:28","guid":{"rendered":"https:\/\/sergiplaosteopatia.com\/about-2\/"},"modified":"2025-07-27T12:36:26","modified_gmt":"2025-07-27T12:36:26","slug":"sergi-pla","status":"publish","type":"page","link":"https:\/\/sergiplaosteopatia.com\/es\/sergi-pla\/","title":{"rendered":"Sergi Pla"},"content":{"rendered":"<div data-elementor-type=\"wp-page\" data-elementor-id=\"98\" class=\"elementor elementor-98\" data-elementor-post-type=\"page\">\n\t\t\t\t<div class=\"elementor-element elementor-element-411fc20f e-con-full e-flex e-con e-parent\" data-id=\"411fc20f\" data-element_type=\"container\">\n\t\t\t\t<div class=\"elementor-element elementor-element-19a125cf animated-fast elementor-invisible elementor-widget elementor-widget-flex-hero\" data-id=\"19a125cf\" data-element_type=\"widget\" data-settings=\"{&quot;layout_preset&quot;:&quot;storytelling&quot;,&quot;primary_button_shape&quot;:&quot;round&quot;,&quot;_animation&quot;:&quot;fadeIn&quot;,&quot;_animation_delay&quot;:&quot;100&quot;,&quot;image_shape&quot;:&quot;sharp&quot;,&quot;box_shape&quot;:&quot;sharp&quot;}\" data-widget_type=\"flex-hero.default\">\n\t\t\t\t<div class=\"elementor-widget-container\">\n\t\t\t\t\t\t\t<div class=\"has-shape-sharp shape-type-box ehp-flex-hero has-layout-preset-storytelling\">\n\t\t\t\t\t\t<div class=\"ehp-flex-hero__overlay\"><\/div>\n\t\t\t<div class=\"ehp-flex-hero__content-container\">\n\t\t\t\t<h2 class=\"ehp-flex-hero__heading\">SERGI PLA<\/h2><h3 class=\"ehp-flex-hero__subheading\">Osteopata y Fisioterapeuta<\/h3>\t\t\t<div class=\"ehp-flex-hero__ctas-container\">\n\t\t\t\t\t\t\t\t\t\t\t<\/div>\n\t\t\t\t\t<\/div>\n\t\t\t\t<div class=\"ehp-flex-hero__image-wrapper\">\n\t\t\t\t\t<div class=\"ehp-image ehp-flex-hero__image-container\">\n\t\t\t\t<img decoding=\"async\" class=\"ehp-image__img ehp-flex-hero__img has-shape-sharp shape-type-image\" src=\"https:\/\/sergiplaosteopatia.com\/wp-content\/uploads\/2025\/06\/IMG_0183.jpg\" title=\"IMG_0183\" alt=\"IMG_0183\" loading=\"lazy\" \/>\t\t\t<\/div>\n\t\t\t\t\t<\/div>\n\t\t\t\t<\/div>\n\t\t\t\t\t\t<\/div>\n\t\t\t\t<\/div>\n\t\t\t\t<\/div>\n\t\t<div class=\"elementor-element elementor-element-1263c793 e-grid e-con-full animated-fast elementor-invisible e-con e-parent\" data-id=\"1263c793\" data-element_type=\"container\" data-settings=\"{&quot;background_background&quot;:&quot;classic&quot;,&quot;animation&quot;:&quot;fadeIn&quot;,&quot;animation_delay&quot;:&quot;400&quot;}\">\n\t\t<div class=\"elementor-element elementor-element-5630cc72 e-flex e-con-boxed e-con e-child\" data-id=\"5630cc72\" data-element_type=\"container\">\n\t\t\t\t\t<div class=\"e-con-inner\">\n\t\t\t\t<div class=\"elementor-element elementor-element-1d8615da elementor-widget elementor-widget-heading\" data-id=\"1d8615da\" data-element_type=\"widget\" data-widget_type=\"heading.default\">\n\t\t\t\t<div class=\"elementor-widget-container\">\n\t\t\t\t\t<h3 class=\"elementor-heading-title elementor-size-default\">Sobre mi<\/h3>\t\t\t\t<\/div>\n\t\t\t\t<\/div>\n\t\t\t\t<div class=\"elementor-element elementor-element-3075165 elementor-widget elementor-widget-text-editor\" data-id=\"3075165\" data-element_type=\"widget\" data-widget_type=\"text-editor.default\">\n\t\t\t\t<div class=\"elementor-widget-container\">\n\t\t\t\t\t\t\t\t\t<p>Ofrezco una propuesta terap\u00e9utica hol\u00edstica e integral, basada en los principios de la osteopat\u00eda cl\u00e1sica y en una visi\u00f3n global de la salud.\u00a0<\/p><p>Mi vocaci\u00f3n por la investigaci\u00f3n<br \/>y la formaci\u00f3n continua me ha permitido integrar en la pr\u00e1ctica cl\u00ednica conceptos innovadores como la Biotensegridad, la Eficiencia Bioenerg\u00e9tica y la Biofrecuencia.<\/p>\t\t\t\t\t\t\t\t<\/div>\n\t\t\t\t<\/div>\n\t\t\t\t\t<\/div>\n\t\t\t\t<\/div>\n\t\t<div class=\"elementor-element elementor-element-f44630b e-flex e-con-boxed e-con e-child\" data-id=\"f44630b\" data-element_type=\"container\">\n\t\t\t\t\t<div class=\"e-con-inner\">\n\t\t\t\t<div class=\"elementor-element elementor-element-21783ff elementor-widget elementor-widget-heading\" data-id=\"21783ff\" data-element_type=\"widget\" data-widget_type=\"heading.default\">\n\t\t\t\t<div class=\"elementor-widget-container\">\n\t\t\t\t\t<h3 class=\"elementor-heading-title elementor-size-default\">Curriculum<\/h3>\t\t\t\t<\/div>\n\t\t\t\t<\/div>\n\t\t\t\t<div class=\"elementor-element elementor-element-72e9c91 elementor-widget elementor-widget-text-editor\" data-id=\"72e9c91\" data-element_type=\"widget\" data-widget_type=\"text-editor.default\">\n\t\t\t\t<div class=\"elementor-widget-container\">\n\t\t\t\t\t\t\t\t\t<p>Graduado en Fisioterapia<\/p><p>Postgrado en Fisioterapia Deportiva<\/p><p>Posgrado en T\u00e9cnicas de Inducci\u00f3n Miofascial<\/p><p>M\u00e1ster en Osteopatia<\/p><p>Experto en Terapia Manual - An\u00e1lisis y Resoluci\u00f3n de Patrones Posturales Patol\u00f3gicos<\/p><p>Amplia experiencia en Seguimiento Terap\u00e9utico Esportivo de Alto Rendimiento<\/p><p>Analista del movimiento en Artes Esc\u00e9nicas<\/p><p>Docencia Centros Estudios Superiores<\/p>\t\t\t\t\t\t\t\t<\/div>\n\t\t\t\t<\/div>\n\t\t\t\t\t<\/div>\n\t\t\t\t<\/div>\n\t\t<div class=\"elementor-element elementor-element-8f3da15 e-flex e-con-boxed e-con e-child\" data-id=\"8f3da15\" data-element_type=\"container\">\n\t\t\t\t\t<div class=\"e-con-inner\">\n\t\t\t\t<div class=\"elementor-element elementor-element-52c2546 elementor-widget elementor-widget-heading\" data-id=\"52c2546\" data-element_type=\"widget\" data-widget_type=\"heading.default\">\n\t\t\t\t<div class=\"elementor-widget-container\">\n\t\t\t\t\t<h3 class=\"elementor-heading-title elementor-size-default\">M\u00e9todo<\/h3>\t\t\t\t<\/div>\n\t\t\t\t<\/div>\n\t\t\t\t<div class=\"elementor-element elementor-element-d711761 elementor-widget elementor-widget-text-editor\" data-id=\"d711761\" data-element_type=\"widget\" data-widget_type=\"text-editor.default\">\n\t\t\t\t<div class=\"elementor-widget-container\">\n\t\t\t\t\t\t\t\t\t<p>Con un razonamiento cl\u00ednico fundamentado en la anatom\u00eda, la fisiolog\u00eda y la antropolog\u00eda evolutiva, logro un alto \u00edndice de resoluci\u00f3n terap\u00e9utica y de prevenci\u00f3n de lesiones.<\/p><p>Este m\u00e9todo, aplicado tambi\u00e9n al deporte de \u00e9lite, ofrece un gran potencial transformador: se optimiza la salud para llevar el rendimiento f\u00edsico de los atletas a su nivel m\u00e1ximo.<\/p>\t\t\t\t\t\t\t\t<\/div>\n\t\t\t\t<\/div>\n\t\t\t\t\t<\/div>\n\t\t\t\t<\/div>\n\t\t\t\t<\/div>\n\t\t<div class=\"elementor-element elementor-element-5f9f73cc e-con-full e-flex e-con e-parent\" data-id=\"5f9f73cc\" data-element_type=\"container\">\n\t\t\t\t<div class=\"elementor-element elementor-element-4342a825 animated-fast elementor-invisible elementor-widget elementor-widget-cta\" data-id=\"4342a825\" data-element_type=\"widget\" data-settings=\"{&quot;primary_button_shape&quot;:&quot;round&quot;,&quot;_animation&quot;:&quot;fadeIn&quot;,&quot;_animation_delay&quot;:&quot;100&quot;,&quot;layout_preset&quot;:&quot;streamline&quot;,&quot;cta_width_mobile&quot;:&quot;stretch&quot;,&quot;content_alignment&quot;:&quot;center&quot;,&quot;content_alignment_tablet&quot;:&quot;center&quot;,&quot;content_alignment_mobile&quot;:&quot;center&quot;,&quot;cta_width&quot;:&quot;default&quot;,&quot;cta_position&quot;:&quot;default&quot;,&quot;box_shape&quot;:&quot;sharp&quot;}\" data-widget_type=\"cta.default\">\n\t\t\t\t<div class=\"elementor-widget-container\">\n\t\t\t\t\t\t\t<div class=\"has-shape-sharp shape-type-box ehp-cta has-preset-streamline\">\n\t\t\t<div class=\"ehp-cta__overlay\"><\/div>\n\t\t\t<div class=\"ehp-cta__elements-container\">\n\t\t\t\t\t\t<div class=\"ehp-cta__text-container\">\n\t\t\t<h2 class=\"ehp-cta__heading\">Sergi Pla Osteopatia<\/h2><p class=\"ehp-cta__description\">Contacta con nosotros para m\u00e1s informaci\u00f3n<\/p>\t\t<\/div>\n\t\t\t\t\t<div class=\"ehp-cta__ctas-container has-cta-width-default has-cta-width-sm-stretch\">\n\t\t\t\t<div class=\"ehp-cta__buttons-wrapper\">\n\t\t\t\t\t\t\t<a class=\"has-shape-round shape-type-button ehp-button ehp-button--primary ehp-cta__button ehp-cta__button--primary is-type-button has-border\" href=\"https:\/\/sergiplaosteopatia.com\/es\/contacte\/\" target=\"_blank\">\n\t\t\t\t\t<span class=\"ehp-button__text ehp-cta__button-text ehp-cta__button-text--primary\">\n\t\t\tContactar\t\t\t\t<\/a>\n\t\t\t\t\t\t\t\t\t\t\t<\/div>\n\t\t\t<\/div>\n\t\t\t\t\t<\/div>\n\t\t<\/div>\n\t\t\t\t\t\t<\/div>\n\t\t\t\t<\/div>\n\t\t\t\t<\/div>\n\t\t\t\t<\/div>","protected":false},"excerpt":{"rendered":"<p>SERGI PLA Oste\u00f2pata i Fisioterapeuta Sobre mi Ofereixo una proposta terap\u00e8utica hol\u00edstica i integral, basada en els principis de l\u2019osteopatia cl\u00e0ssica i en una visi\u00f3 global de la salut.\u00a0 La meva vocaci\u00f3 per la recercai la formaci\u00f3 cont\u00ednua m\u2019ha perm\u00e8s integrar en la pr\u00e0ctica cl\u00ednica conceptes innovadors com la Biotensegritat, l\u2019Efici\u00e8ncia Bioenerg\u00e8tica i la Biofreq\u00fc\u00e8ncia. [&hellip;]<\/p>","protected":false},"author":2,"featured_media":0,"parent":0,"menu_order":0,"comment_status":"closed","ping_status":"closed","template":"elementor_header_footer","meta":{"footnotes":""},"class_list":["post-98","page","type-page","status-publish","hentry"],"_links":{"self":[{"href":"https:\/\/sergiplaosteopatia.com\/es\/wp-json\/wp\/v2\/pages\/98","targetHints":{"allow":["GET"]}}],"collection":[{"href":"https:\/\/sergiplaosteopatia.com\/es\/wp-json\/wp\/v2\/pages"}],"about":[{"href":"https:\/\/sergiplaosteopatia.com\/es\/wp-json\/wp\/v2\/types\/page"}],"author":[{"embeddable":true,"href":"https:\/\/sergiplaosteopatia.com\/es\/wp-json\/wp\/v2\/users\/2"}],"replies":[{"embeddable":true,"href":"https:\/\/sergiplaosteopatia.com\/es\/wp-json\/wp\/v2\/comments?post=98"}],"version-history":[{"count":44,"href":"https:\/\/sergiplaosteopatia.com\/es\/wp-json\/wp\/v2\/pages\/98\/revisions"}],"predecessor-version":[{"id":518,"href":"https:\/\/sergiplaosteopatia.com\/es\/wp-json\/wp\/v2\/pages\/98\/revisions\/518"}],"wp:attachment":[{"href":"https:\/\/sergiplaosteopatia.com\/es\/wp-json\/wp\/v2\/media?parent=98"}],"curies":[{"name":"wp","href":"https:\/\/api.w.org\/{rel}","templated":true}]}}